{"id":52,"date":"2014-12-03T21:48:02","date_gmt":"2014-12-04T03:48:02","guid":{"rendered":"https:\/\/crownpointenergy.com\/?page_id=52"},"modified":"2026-03-13T14:26:20","modified_gmt":"2026-03-13T19:26:20","slug":"board-of-directors","status":"publish","type":"page","link":"https:\/\/crownpointenergy.com\/?page_id=52","title":{"rendered":"Board of Directors"},"content":{"rendered":" [vc_row][vc_column width=&#8221;1\/2&#8243;][vc_column_text][vc_column_text] <h4 class=\"p1\"><strong>Pablo Bernardo Peralta<\/strong><br \/>\n<em>Non-Independent Director<\/em><\/h4>\n<p>Pablo Peralta is the President of and has control and direction over Liminar Energ\u00eda S.A., which together with GORC S.A. is the controlling shareholder of Crown Point.\u00a0 Mr. Peralta has more than 30 years of experience in financial services and activities, and is one of two principal shareholders of an Argentinian diversified investment group with interests in the banking, finance, insurance, agricultural, real estate and energy sectors. He is a director and Vice-President of Banco de Servicios y Transacciones, S.A, which is registered with the Comisi\u00f3n Nacional de Valores. A resident of Buenos Aires, Mr. Peralta obtained a Public Accountant degree from the University of Buenos Aires.[\/vc_column_text][\/vc_column][\/vc_row][vc_row][vc_column width=&#8221;1\/2&#8243;][vc_column_text][vc_column_text] <h4 class=\"p1\"><strong>Brian Moss<br \/>\n<\/strong><em><span lang=\"en-US\">Non-Independent<\/span><\/em><em><span lang=\"en-US\">\u00a0Director<\/span><\/em><\/h4>\n<p><span lang=\"en-US\">Brian J. Moss\u00a0is a Director and Consultant with Crown Point Energy Inc. and previously was\u00a0President and<\/span><span lang=\"en-US\">CEO of the Company. <\/span><span lang=\"en-US\">Dr. Moss has more than<\/span><span lang=\"en-US\">\u00a020\u00a0<\/span><span lang=\"en-US\">years of experience in the Argentine oil and gas industry, holdin<\/span><span lang=\"en-US\">g senior Latin American-focused positions at Alberta Energy Company, Rio Alto and Antrim Energy before joining Crown Point. In total, Brian has more than\u00a035\u00a0years of experience in the oil and gas industry in both private and public companies. Dr. Moss\u00a0has a well-developed skill set in both business development and exploration and development, and has successfully built and managed operations in the San Jorge, Austral, Neuqu\u00e9n and Northwest Basins. Dr. Moss holds a Ph.D. in Petroleum Geology from the Royal School of Mines, University of London, UK and is a member of the Association of Professional Engineers, Geologists and Geophysicists of Alberta.<\/span>[\/vc_column_text][\/vc_column][vc_column width=&#8221;1\/2&#8243;][\/vc_column][\/vc_row][vc_row][vc_column width=&#8221;1\/2&#8243;][vc_column_text][vc_column_text] <h4 align=\"justify\"><span style=\"font-family: Times New Roman,serif; font-size: small;\"><span style=\"font-family: Aptos,sans-serif; font-size: medium;\"><b>Juan Llado<\/b><\/span><\/span><\/h4>\n<h4 align=\"justify\"><span style=\"font-family: Times New Roman,serif; font-size: small;\"><span style=\"font-family: Aptos,sans-serif; font-size: medium;\"><span lang=\"en-US\"><i>Non-Independent\u00a0Director<\/i><\/span><\/span><\/span><\/h4>\n<h4 align=\"justify\"><\/h4>\n<div align=\"justify\"><span style=\"font-family: Times New Roman,serif; font-size: small;\"><span style=\"font-family: Aptos,sans-serif; font-size: medium;\"><span lang=\"en-US\">Juan is an attorney and has held various positions during his career in the financial services, insurance and energy sectors, including as: CEO of Life Seguros de Personas y Patrimoniales S.A. (formerly MetLife Argentina); CEO of Life Group Seguros S.A. (formerly Prudential Argentina); Legal &amp; Compliance Director at Grupo ST S.A.; Legal Affairs Manager and Trust Banking Manager at Banco de Servicios y Transacciones S.A.; Legal Affairs Manager at Or\u00edgenes Seguros; and Legal Affairs Manager at Credilogros Compa\u00f1\u00eda Financiera S.A.\u00a0 He is currently a member of the Executive Committee of Grupo ST S.A. and serves on the Board of Directors of the following companies: Grupo ST S.A.; Banco de Servicios y Transacciones S.A.; ST Securities S.A.; Best Leasing S.A.; Life Seguros S.A.; Liminar Energ\u00eda S.A. (which is the Company&#8217;s controlling shareholder); and Crown Point Energ\u00eda S.A. (a wholly-owned subsidiary of the Company). Juan has a Bachelor of Laws degree from the University of Buenos Aires and a Master&#8217;s Degree in Finance from the Universidad del CEMA.<\/span><\/span><\/span><\/div> [\/vc_column_text][\/vc_column][\/vc_row][vc_column width=&#8221;1\/2&#8243;][\/vc_column] ","protected":false},"excerpt":{"rendered":" [vc_row][vc_column width=&#8221;1\/2&#8243;][vc_column_text][vc_column_text] Pablo Bernardo Peralta Non-Independent Director Pablo Peralta is the President of and has control and direction over Liminar Energ\u00eda S.A., which together with GORC S.A. is the controlling shareholder of Crown Point.\u00a0 Mr. Peralta has more than 30 years of experience in financial services and activities, and is one of two principal shareholders [&hellip;] ","protected":false},"author":9,"featured_media":0,"parent":0,"menu_order":0,"comment_status":"closed","ping_status":"closed","template":"","meta":{"_exactmetrics_skip_tracking":false,"_exactmetrics_sitenote_active":false,"_exactmetrics_sitenote_note":"","_exactmetrics_sitenote_category":0,"footnotes":""},"_links":{"self":[{"href":"https:\/\/crownpointenergy.com\/index.php?rest_route=\/wp\/v2\/pages\/52"}],"collection":[{"href":"https:\/\/crownpointenergy.com\/index.php?rest_route=\/wp\/v2\/pages"}],"about":[{"href":"https:\/\/crownpointenergy.com\/index.php?rest_route=\/wp\/v2\/types\/page"}],"author":[{"embeddable":true,"href":"https:\/\/crownpointenergy.com\/index.php?rest_route=\/wp\/v2\/users\/9"}],"replies":[{"embeddable":true,"href":"https:\/\/crownpointenergy.com\/index.php?rest_route=%2Fwp%2Fv2%2Fcomments&post=52"}],"version-history":[{"count":42,"href":"https:\/\/crownpointenergy.com\/index.php?rest_route=\/wp\/v2\/pages\/52\/revisions"}],"predecessor-version":[{"id":3433,"href":"https:\/\/crownpointenergy.com\/index.php?rest_route=\/wp\/v2\/pages\/52\/revisions\/3433"}],"wp:attachment":[{"href":"https:\/\/crownpointenergy.com\/index.php?rest_route=%2Fwp%2Fv2%2Fmedia&parent=52"}],"curies":[{"name":"wp","href":"https:\/\/api.w.org\/{rel}","templated":true}]}}