{"id":3171,"date":"2024-11-11T12:05:55","date_gmt":"2024-11-11T18:05:55","guid":{"rendered":"https:\/\/crownpointenergy.com\/?page_id=3171"},"modified":"2024-11-11T12:05:55","modified_gmt":"2024-11-11T18:05:55","slug":"piedra-clavada-koluel-kaike","status":"publish","type":"page","link":"https:\/\/crownpointenergy.com\/?page_id=3171&lang=es","title":{"rendered":"Piedra Clavada \u2013 Koluel Kaike"},"content":{"rendered":" [vc_row][vc_column width=&#8221;1\/1&#8243;]<div class=\"columnsWrap sc_columns sc_columns_count_2\"><div class=\"columns1_2 sc_column_item sc_column_item_1 odd first\"><figure class=\"sc_image  sc_image_shape_square\" style=\"width:100%;\"><img decoding=\"async\" src=\"http:\/\/crownpointenergy.com\/wp-content\/uploads\/2024\/11\/PCKK.jpg\" alt=\"\" \/><figcaption><span class=\"icon inherit\"><\/span><\/figcaption><\/figure><\/div><div class=\"columns1_2 sc_column_item sc_column_item_2 even\">[vc_column_text]Crown Point tiene una participaci\u00f3n operada del 100% en la Concesi\u00f3n de Explotaci\u00f3n Piedra Clavada Koluel Kaike representa un total de 71.660 acres netos en la Cuenca San Jorge. La estrategia de Crown Point es aumentar la producci\u00f3n a trav\u00e9s de perforaciones y workovers de pozos, y optimizaci\u00f3n de instalaciones.<br \/>\n.[\/vc_column_text]<\/div><\/div>[\/vc_column][\/vc_row] ","protected":false},"excerpt":{"rendered":" [vc_row][vc_column width=&#8221;1\/1&#8243;][\/vc_column][\/vc_row] ","protected":false},"author":9,"featured_media":0,"parent":0,"menu_order":0,"comment_status":"open","ping_status":"open","template":"","meta":{"_exactmetrics_skip_tracking":false,"_exactmetrics_sitenote_active":false,"_exactmetrics_sitenote_note":"","_exactmetrics_sitenote_category":0,"footnotes":""},"_links":{"self":[{"href":"https:\/\/crownpointenergy.com\/index.php?rest_route=\/wp\/v2\/pages\/3171"}],"collection":[{"href":"https:\/\/crownpointenergy.com\/index.php?rest_route=\/wp\/v2\/pages"}],"about":[{"href":"https:\/\/crownpointenergy.com\/index.php?rest_route=\/wp\/v2\/types\/page"}],"author":[{"embeddable":true,"href":"https:\/\/crownpointenergy.com\/index.php?rest_route=\/wp\/v2\/users\/9"}],"replies":[{"embeddable":true,"href":"https:\/\/crownpointenergy.com\/index.php?rest_route=%2Fwp%2Fv2%2Fcomments&post=3171"}],"version-history":[{"count":1,"href":"https:\/\/crownpointenergy.com\/index.php?rest_route=\/wp\/v2\/pages\/3171\/revisions"}],"predecessor-version":[{"id":3172,"href":"https:\/\/crownpointenergy.com\/index.php?rest_route=\/wp\/v2\/pages\/3171\/revisions\/3172"}],"wp:attachment":[{"href":"https:\/\/crownpointenergy.com\/index.php?rest_route=%2Fwp%2Fv2%2Fmedia&parent=3171"}],"curies":[{"name":"wp","href":"https:\/\/api.w.org\/{rel}","templated":true}]}}