{"id":29,"date":"2014-12-03T21:30:49","date_gmt":"2014-12-04T03:30:49","guid":{"rendered":"https:\/\/crownpointenergy.com\/?page_id=29"},"modified":"2023-05-08T13:41:26","modified_gmt":"2023-05-08T18:41:26","slug":"contacto","status":"publish","type":"page","link":"https:\/\/crownpointenergy.com\/?page_id=29&lang=es","title":{"rendered":"Contacto"},"content":{"rendered":" [vc_row][vc_column][vc_column_text] <h4><strong>CANAD\u00c1<\/strong><\/h4>\n<p>Crown Point Energy Inc.<br \/>\nPO Box 1562 Station M.<br \/>\nCalgary, Alberta T2P 3B9<br \/>\nTel\u00e9fono: 403-232-1150<br \/>\nCorreo electr\u00f3nico:\u00a0<a href=\"mailto:info@crownpointenergy.com\">info@crownpointenergy.com<\/a><\/p>\n<h4><strong>ARGENTINA<\/strong><\/h4>\n<p>Crown Point Energ\u00eda SA<br \/>\nGodoy Cruz 2769 Piso 4<br \/>\nCiudad Aut\u00f3noma de Buenos Aires &#8211; C1425FQK<br \/>\nArgentina<br \/>\nTel\u00e9fono: +54 11-5032-5600<br \/>\nCorreo electr\u00f3nico: <a title=\"mailto:notificaciones@crownpointenergy.com\" href=\"mailto:notificaciones@crownpointenergy.com\">notificaciones@crownpointenergy.com<\/a><\/p>\n<h4><strong>AGENTE DE TRANSFERENCIA<\/strong><\/h4>\n<p>Olympia Trust Company<br \/>\n4000, 520-3rd Avenue SW<br \/>\nCalgary, AB T2P 0R3<br \/>\nTel: +1 587-774-2340<br \/>\n<a href=\"https:\/\/www.olympiatrust.com\/\" target=\"_blank\" rel=\"noopener\">www.olympiatrust.com<\/a><\/p>\n<h4><strong>RELACIONES CON INVERSIONISTAS<\/strong><\/h4>\n<p>Para consultas sobre relaciones con inversores, cont\u00e1ctenos en\u00a0\u00a0<a href=\"mailto:info@crownpointenergy.com\">info@crownpointenergy.com<\/a>[\/vc_column_text][\/vc_column][\/vc_row] ","protected":false},"excerpt":{"rendered":" [vc_row][vc_column][vc_column_text] CANAD\u00c1 Crown Point Energy Inc. PO Box 1562 Station M. Calgary, Alberta T2P 3B9 Tel\u00e9fono: 403-232-1150 Correo electr\u00f3nico:\u00a0info@crownpointenergy.com ARGENTINA Crown Point Energ\u00eda SA Godoy Cruz 2769 Piso 4 Ciudad Aut\u00f3noma de Buenos Aires &#8211; C1425FQK Argentina Tel\u00e9fono: +54 11-5032-5600 Correo electr\u00f3nico: notificaciones@crownpointenergy.com AGENTE DE TRANSFERENCIA Olympia Trust Company 4000, 520-3rd Avenue SW Calgary, AB [&hellip;] ","protected":false},"author":9,"featured_media":0,"parent":0,"menu_order":0,"comment_status":"closed","ping_status":"closed","template":"","meta":{"_exactmetrics_skip_tracking":false,"_exactmetrics_sitenote_active":false,"_exactmetrics_sitenote_note":"","_exactmetrics_sitenote_category":0,"footnotes":""},"_links":{"self":[{"href":"https:\/\/crownpointenergy.com\/index.php?rest_route=\/wp\/v2\/pages\/29"}],"collection":[{"href":"https:\/\/crownpointenergy.com\/index.php?rest_route=\/wp\/v2\/pages"}],"about":[{"href":"https:\/\/crownpointenergy.com\/index.php?rest_route=\/wp\/v2\/types\/page"}],"author":[{"embeddable":true,"href":"https:\/\/crownpointenergy.com\/index.php?rest_route=\/wp\/v2\/users\/9"}],"replies":[{"embeddable":true,"href":"https:\/\/crownpointenergy.com\/index.php?rest_route=%2Fwp%2Fv2%2Fcomments&post=29"}],"version-history":[{"count":32,"href":"https:\/\/crownpointenergy.com\/index.php?rest_route=\/wp\/v2\/pages\/29\/revisions"}],"predecessor-version":[{"id":2879,"href":"https:\/\/crownpointenergy.com\/index.php?rest_route=\/wp\/v2\/pages\/29\/revisions\/2879"}],"wp:attachment":[{"href":"https:\/\/crownpointenergy.com\/index.php?rest_route=%2Fwp%2Fv2%2Fmedia&parent=29"}],"curies":[{"name":"wp","href":"https:\/\/api.w.org\/{rel}","templated":true}]}}