{"id":2347,"date":"2021-03-22T18:08:43","date_gmt":"2021-03-22T23:08:43","guid":{"rendered":"https:\/\/crownpointenergy.com\/?page_id=2347"},"modified":"2021-03-22T18:19:23","modified_gmt":"2021-03-22T23:19:23","slug":"chanares-herrados-2","status":"publish","type":"page","link":"https:\/\/crownpointenergy.com\/?page_id=2347&lang=es","title":{"rendered":"Cha\u00f1ares Herrados"},"content":{"rendered":" [vc_row][vc_column width=&#8221;1\/1&#8243;]<div class=\"columnsWrap sc_columns sc_columns_count_2\"><div class=\"columns1_2 sc_column_item sc_column_item_1 odd first\"><figure class=\"sc_image  sc_image_shape_square\" style=\"width:100%;\"><img decoding=\"async\" src=\"http:\/\/crownpointenergy.com\/wp-content\/uploads\/2021\/03\/CHH_Web.jpg\" alt=\"\" \/><figcaption><span class=\"icon inherit\"><\/span><\/figcaption><\/figure><\/div><div class=\"columns1_2 sc_column_item sc_column_item_2 even\">[vc_column_text]Crown Point tiene una participaci\u00f3n no operada del 50% en la Concesi\u00f3n de Explotaci\u00f3n Cha\u00f1ares Herrados que representa un total de 10.057 acres brutos (5.029 acres netos) en la Cuenca Cuyana. La estrategia de Crown Point es aumentar la producci\u00f3n a trav\u00e9s de workovers de pozos, una campa\u00f1a de perforaci\u00f3n de multiples pozos y la optimizaci\u00f3n de instalaciones; todo ello con bases en la cobertura s\u00edsmica 3D sobre el 100% de la concesi\u00f3n.[\/vc_column_text]<\/div><\/div>[\/vc_column][\/vc_row] ","protected":false},"excerpt":{"rendered":" [vc_row][vc_column width=&#8221;1\/1&#8243;][\/vc_column][\/vc_row] ","protected":false},"author":9,"featured_media":0,"parent":0,"menu_order":0,"comment_status":"open","ping_status":"open","template":"","meta":{"_exactmetrics_skip_tracking":false,"_exactmetrics_sitenote_active":false,"_exactmetrics_sitenote_note":"","_exactmetrics_sitenote_category":0,"footnotes":""},"_links":{"self":[{"href":"https:\/\/crownpointenergy.com\/index.php?rest_route=\/wp\/v2\/pages\/2347"}],"collection":[{"href":"https:\/\/crownpointenergy.com\/index.php?rest_route=\/wp\/v2\/pages"}],"about":[{"href":"https:\/\/crownpointenergy.com\/index.php?rest_route=\/wp\/v2\/types\/page"}],"author":[{"embeddable":true,"href":"https:\/\/crownpointenergy.com\/index.php?rest_route=\/wp\/v2\/users\/9"}],"replies":[{"embeddable":true,"href":"https:\/\/crownpointenergy.com\/index.php?rest_route=%2Fwp%2Fv2%2Fcomments&post=2347"}],"version-history":[{"count":2,"href":"https:\/\/crownpointenergy.com\/index.php?rest_route=\/wp\/v2\/pages\/2347\/revisions"}],"predecessor-version":[{"id":2356,"href":"https:\/\/crownpointenergy.com\/index.php?rest_route=\/wp\/v2\/pages\/2347\/revisions\/2356"}],"wp:attachment":[{"href":"https:\/\/crownpointenergy.com\/index.php?rest_route=%2Fwp%2Fv2%2Fmedia&parent=2347"}],"curies":[{"name":"wp","href":"https:\/\/api.w.org\/{rel}","templated":true}]}}