{"id":2201,"date":"2021-01-14T17:34:20","date_gmt":"2021-01-14T23:34:20","guid":{"rendered":"https:\/\/crownpointenergy.com\/?page_id=2201"},"modified":"2023-12-27T14:38:49","modified_gmt":"2023-12-27T20:38:49","slug":"responsabilidad-corporativa","status":"publish","type":"page","link":"https:\/\/crownpointenergy.com\/?page_id=2201&lang=es","title":{"rendered":"Responsabilidad Corporativa"},"content":{"rendered":" [vc_row][vc_column width=&#8221;1\/1&#8243;][vc_column_text] <h4><strong>Gobierno Corporativo<\/strong><\/h4>\n<p><a href=\"http:\/\/crownpointenergy.com\/wp-content\/uploads\/2021\/01\/01.Politica-Anticorrupcion-Final-ESP.pdf\">Pol\u00edtica anticorrupci\u00f3n (PDF)<\/a><br \/>\n<a href=\"http:\/\/crownpointenergy.com\/wp-content\/uploads\/2021\/01\/02.Codigo-de-Conducta-y-Etica-Empresarial-Final-ESP.pdf\">C\u00f3digo de conducta y \u00e9tica empresarial (PDF)\u00a0 <\/a><br \/>\n<a href=\"http:\/\/crownpointenergy.com\/wp-content\/uploads\/2021\/01\/03.Politica-de-Uso-de-Informacion-Privilegiada-Final-ESP.pdf\">Pol\u00edtica de uso de informaci\u00f3n privilegiada (PDF)\u00a0<\/a><br \/>\n<a href=\"http:\/\/crownpointenergy.com\/wp-content\/uploads\/2021\/01\/04.Politica-de-denuncia-de-irregularidades-Final-ESP.pdf\">Pol\u00edtica de denuncia de irregularidades (PDF)<\/a><a href=\"https:\/\/forms.gle\/L8AmmZ8NeSKQxMGC7\"><br \/>\n<\/a><a href=\"https:\/\/forms.gle\/L8AmmZ8NeSKQxMGC7\">Formulario de denuncias e irregularidades (link)<\/a><a href=\"https:\/\/forms.gle\/L8AmmZ8NeSKQxMGC7\"><br \/>\n<\/a><span lang=\"en-US\"><span lang=\"es-AR\">L\u00ednea de denuncias: +54911 <\/span>5263 0361<\/span><\/p>\n<p>&nbsp; [\/vc_column_text][\/vc_column][\/vc_row] ","protected":false},"excerpt":{"rendered":" [vc_row][vc_column width=&#8221;1\/1&#8243;][vc_column_text] Gobierno Corporativo Pol\u00edtica anticorrupci\u00f3n (PDF) C\u00f3digo de conducta y \u00e9tica empresarial (PDF)\u00a0 Pol\u00edtica de uso de informaci\u00f3n privilegiada (PDF)\u00a0 Pol\u00edtica de denuncia de irregularidades (PDF) Formulario de denuncias e irregularidades (link) L\u00ednea de denuncias: +54911 5263 0361 &nbsp; [\/vc_column_text][\/vc_column][\/vc_row] ","protected":false},"author":9,"featured_media":0,"parent":0,"menu_order":0,"comment_status":"open","ping_status":"open","template":"","meta":{"_exactmetrics_skip_tracking":false,"_exactmetrics_sitenote_active":false,"_exactmetrics_sitenote_note":"","_exactmetrics_sitenote_category":0,"footnotes":""},"_links":{"self":[{"href":"https:\/\/crownpointenergy.com\/index.php?rest_route=\/wp\/v2\/pages\/2201"}],"collection":[{"href":"https:\/\/crownpointenergy.com\/index.php?rest_route=\/wp\/v2\/pages"}],"about":[{"href":"https:\/\/crownpointenergy.com\/index.php?rest_route=\/wp\/v2\/types\/page"}],"author":[{"embeddable":true,"href":"https:\/\/crownpointenergy.com\/index.php?rest_route=\/wp\/v2\/users\/9"}],"replies":[{"embeddable":true,"href":"https:\/\/crownpointenergy.com\/index.php?rest_route=%2Fwp%2Fv2%2Fcomments&post=2201"}],"version-history":[{"count":6,"href":"https:\/\/crownpointenergy.com\/index.php?rest_route=\/wp\/v2\/pages\/2201\/revisions"}],"predecessor-version":[{"id":2983,"href":"https:\/\/crownpointenergy.com\/index.php?rest_route=\/wp\/v2\/pages\/2201\/revisions\/2983"}],"wp:attachment":[{"href":"https:\/\/crownpointenergy.com\/index.php?rest_route=%2Fwp%2Fv2%2Fmedia&parent=2201"}],"curies":[{"name":"wp","href":"https:\/\/api.w.org\/{rel}","templated":true}]}}