{"id":2196,"date":"2021-01-14T17:31:40","date_gmt":"2021-01-14T23:31:40","guid":{"rendered":"https:\/\/crownpointenergy.com\/?page_id=2196"},"modified":"2026-03-13T14:22:24","modified_gmt":"2026-03-13T19:22:24","slug":"directorio","status":"publish","type":"page","link":"https:\/\/crownpointenergy.com\/?page_id=2196&lang=es","title":{"rendered":"Directorio CPE Inc"},"content":{"rendered":" [vc_row][vc_column width=&#8221;1\/2&#8243;][vc_column_text][vc_column_text] <h4 class=\"p1\"><strong>Pablo Bernardo Peralta<\/strong><br \/>\n<em><strong>Director No Independiente<\/strong><\/em><\/h4>\n<p>Pablo Peralta es el presidente y tiene el control y la direcci\u00f3n de Liminar Energ\u00eda SA, accionista controlante de Crown Point Energ\u00eda.\u00a0El Sr. Peralta tiene m\u00e1s de 30 a\u00f1os de experiencia en servicios y actividades financieras, y es uno de los dos principales accionistas de un grupo de inversi\u00f3n diversificado argentino con intereses en los sectores bancario, financiero, asegurador, agr\u00edcola, inmobiliario y energ\u00e9tico.\u00a0Es Director y Vicepresidente del Banco de Servicios y Transacciones, SA, que est\u00e1 registrado en la Comisi\u00f3n Nacional de Valores.\u00a0Residente en Buenos Aires, el Sr. Peralta obtuvo el t\u00edtulo de Contador P\u00fablico de la Universidad de Buenos Aires.[\/vc_column_text][\/vc_column][\/vc_row][vc_row][vc_column width=&#8221;1\/2&#8243;][vc_column_text][vc_column_text] <h4 class=\"p1\"><strong>Brian Moss<br \/>\n<em>Director No Independiente<\/em><\/strong><\/h4>\n<p>Brian J. Moss es Director y Consultor de Crown Point Energy Inc., anteriormente Presidente y CEO de la compa\u00f1\u00eda. El Dr. Moss tiene m\u00e1s de 20 a\u00f1os de experiencia en la industria argentina del petr\u00f3leo y gas, ocupando puestos de alto nivel centrados en Am\u00e9rica Latina en Alberta Energy Company, Rio Alto y Antrim Energy antes de unirse a Crown Point. En total, Brian cuenta con m\u00e1s de 35 a\u00f1os de experiencia en la industria del petr\u00f3leo y el gas en empresas p\u00fablicas y privadas. El Dr. Moss cuenta con un conjunto de habilidades comerciales, en exploraci\u00f3n y desarrollo y ha construido y administrado exitosamente operaciones en las cuencas San Jorge, Austral, Neuqu\u00e9n y Noroeste. El Dr. Moss tiene un Doctorado en Geolog\u00eda del Petr\u00f3leo de la Royal School of Mines, Universidad de Londres, Reino Unido y es miembro de la Asociaci\u00f3n Profesional de Ingenieros, Ge\u00f3logos y Geof\u00edsicos de Alberta..[\/vc_column_text][\/vc_column][vc_column width=&#8221;1\/2&#8243;][vc_column_text][vc_column_text] <h4><\/h4>\n<h4><strong>Juan Llado<\/strong><\/h4>\n<h4><strong><em>Director no independiente<\/em><\/strong><\/h4>\n<div align=\"justify\">\n<p><span style=\"font-family: Times New Roman,serif; font-size: small;\"><span style=\"font-family: Aptos,sans-serif; font-size: medium;\">Juan es abogado y ha tenido varios cargos durante su carrera en los sectores de servicios financieros, seguros y energ\u00eda, incluyendo: CEO de Life Seguros de Personas y Patrimoniales S.A. (antes MetLife Argentina); CEO of Life Group Seguros S.A. (antes Prudential Argentina); Director Legales &amp; Compliance en Grupo ST S.A.; Gerente Asuntos Legales y Gerente Banco Fiduciaria en Banco de Servicios y Transacciones S.A.; Gerente Asuntos Legales en Or\u00edgenes Seguros; y Gerente Asuntos Legales en Credilogros Compa\u00f1\u00eda Financiera S.A.\u00a0 se desempe\u00f1a actualmente como miembro del Comit\u00e9 Ejecutivo en Grupo ST S.A. y en el Directorio de las siguientes compa\u00f1\u00edas: Grupo ST S.A.; Banco de Servicios y Transacciones S.A.; ST Securities S.A.; Best Leasing S.A.; Life Seguros S.A.; Liminar Energ\u00eda S.A. (accionista controlante); y Crown Point Energ\u00eda S.A. Juan es abogado graduado en la Universidad de Buenos Aires y tiene un Master en Finanzas de la Universidad del CEMA.<\/span><\/span> [\/vc_column_text][\/vc_column][\/vc_row][vc_row][vc_column width=&#8221;1\/2&#8243;][vc_column_text][vc_column_text] <\/div>\n","protected":false},"excerpt":{"rendered":" [vc_row][vc_column width=&#8221;1\/2&#8243;][vc_column_text][vc_column_text] Pablo Bernardo Peralta Director No Independiente Pablo Peralta es el presidente y tiene el control y la direcci\u00f3n de Liminar Energ\u00eda SA, accionista controlante de Crown Point Energ\u00eda.\u00a0El Sr. Peralta tiene m\u00e1s de 30 a\u00f1os de experiencia en servicios y actividades financieras, y es uno de los dos principales accionistas de un grupo [&hellip;] ","protected":false},"author":9,"featured_media":0,"parent":0,"menu_order":0,"comment_status":"open","ping_status":"open","template":"","meta":{"_exactmetrics_skip_tracking":false,"_exactmetrics_sitenote_active":false,"_exactmetrics_sitenote_note":"","_exactmetrics_sitenote_category":0,"footnotes":""},"_links":{"self":[{"href":"https:\/\/crownpointenergy.com\/index.php?rest_route=\/wp\/v2\/pages\/2196"}],"collection":[{"href":"https:\/\/crownpointenergy.com\/index.php?rest_route=\/wp\/v2\/pages"}],"about":[{"href":"https:\/\/crownpointenergy.com\/index.php?rest_route=\/wp\/v2\/types\/page"}],"author":[{"embeddable":true,"href":"https:\/\/crownpointenergy.com\/index.php?rest_route=\/wp\/v2\/users\/9"}],"replies":[{"embeddable":true,"href":"https:\/\/crownpointenergy.com\/index.php?rest_route=%2Fwp%2Fv2%2Fcomments&post=2196"}],"version-history":[{"count":18,"href":"https:\/\/crownpointenergy.com\/index.php?rest_route=\/wp\/v2\/pages\/2196\/revisions"}],"predecessor-version":[{"id":3430,"href":"https:\/\/crownpointenergy.com\/index.php?rest_route=\/wp\/v2\/pages\/2196\/revisions\/3430"}],"wp:attachment":[{"href":"https:\/\/crownpointenergy.com\/index.php?rest_route=%2Fwp%2Fv2%2Fmedia&parent=2196"}],"curies":[{"name":"wp","href":"https:\/\/api.w.org\/{rel}","templated":true}]}}