{"id":2193,"date":"2021-01-14T17:27:53","date_gmt":"2021-01-14T23:27:53","guid":{"rendered":"https:\/\/crownpointenergy.com\/?page_id=2193"},"modified":"2025-12-12T13:22:52","modified_gmt":"2025-12-12T19:22:52","slug":"equipo-directivo","status":"publish","type":"page","link":"https:\/\/crownpointenergy.com\/?page_id=2193&lang=es","title":{"rendered":"Management"},"content":{"rendered":"<div>\n<div align=\"justify\"><span style=\"font-family: Times New Roman,serif; font-size: small;\"><span style=\"font-family: Aptos,sans-serif; font-size: medium;\"><b>Brian Moss<\/b><\/span><span style=\"font-family: Aptos,sans-serif; font-size: medium;\"><b><br \/>\n<\/b><\/span><span style=\"font-family: Aptos,sans-serif; font-size: medium;\"><b><i>Presidente \u2013 CEO Interino<\/i><\/b><\/span><\/span><\/div>\n<div align=\"justify\"><span style=\"font-family: Times New Roman,serif; font-size: small;\"><span style=\"font-family: Aptos,sans-serif; font-size: medium;\">Dr. Moss tiene m\u00e1s de 20 a\u00f1os de experiencia en la industria argentina del petr\u00f3leo y gas, ocupando puestos de alto nivel centrados en Am\u00e9rica Latina en Alberta Energy Company, Rio Alto y Antrim Energy antes de unirse a Crown Point.\u00a0En total, Brian cuenta con m\u00e1s de 35 a\u00f1os de experiencia en la industria del petr\u00f3leo y el gas en empresas p\u00fablicas y privadas.\u00a0El Dr. Moss cuenta con un conjunto de habilidades comerciales, en exploraci\u00f3n y desarrollo y ha construido y administrado exitosamente operaciones en las cuencas San Jorge, Austral, Neuqu\u00e9n y Noroeste.\u00a0El Dr. Moss tiene un Doctorado\u00a0en Geolog\u00eda del Petr\u00f3leo de la Royal School of Mines, Universidad de Londres, Reino Unido y es miembro de la Asociaci\u00f3n Profesional de Ingenieros, Ge\u00f3logos y Geof\u00edsicos de Alberta.<\/span><\/span><\/div>\n<div align=\"justify\"><span style=\"font-family: Times New Roman,serif; font-size: small;\"><span style=\"font-family: Aptos,sans-serif; font-size: medium;\"><b><br \/>\nMarcos Esteves<\/b><\/span><\/span><\/div>\n<div align=\"justify\"><span style=\"font-family: Times New Roman,serif; font-size: small;\"><span style=\"font-family: Aptos,sans-serif; font-size: medium;\"><b><i>Vicepresidente de Finanzas &#8211; CFO<\/i><\/b><\/span><\/span><\/div>\n<div align=\"justify\"><span style=\"font-family: Times New Roman,serif; font-size: small;\"><span style=\"font-family: Aptos,sans-serif; font-size: medium;\">Desde 2016, Marcos ha invertido en, y ha sido propietario y operador de peque\u00f1as empresas de servicios petroleros que brindan apoyo a actividades de perforaci\u00f3n en la formaci\u00f3n de shale de Vaca Muerta, en Argentina. Marcos trabaj\u00f3 previamente en diversos roles de banca de inversi\u00f3n, incluyendo: Director Financiero y Director General de la oficina de Buenos Aires de Deutsche Bank AG (2006\u20132016), donde lider\u00f3 la estrategia financiera general y el desempe\u00f1o operativo de la oficina en Argentina; y Vicepresidente de Ventas y Operaciones de la oficina de Buenos Aires de JPMorgan Chase &amp; Co. (1997\u20132006), donde gestion\u00f3 actividades institucionales de ventas y operaciones de renta fija para importantes clientes corporativos y soberanos. Marcos posee una Licenciatura en Ciencias en Ingenier\u00eda por la Universidad de Tulane y un MBA por la Universidad Carnegie Mellon.<\/span><\/span><\/div>\n<\/div>\n<div id=\"gtx-trans\" style=\"position: absolute; left: 358px; top: 48px;\">\n<div class=\"gtx-trans-icon\"><\/div>\n<\/div>\n","protected":false},"excerpt":{"rendered":"<p>Brian Moss Presidente \u2013 CEO Interino Dr. Moss tiene m\u00e1s de 20 a\u00f1os de experiencia en la industria argentina del petr\u00f3leo y gas, ocupando puestos de alto nivel centrados en Am\u00e9rica Latina en Alberta Energy Company, Rio Alto y Antrim Energy antes de unirse a Crown Point.\u00a0En total, Brian cuenta con m\u00e1s de 35 a\u00f1os [&hellip;] ","protected":false},"author":9,"featured_media":0,"parent":0,"menu_order":0,"comment_status":"open","ping_status":"open","template":"","meta":{"_exactmetrics_skip_tracking":false,"_exactmetrics_sitenote_active":false,"_exactmetrics_sitenote_note":"","_exactmetrics_sitenote_category":0,"footnotes":""},"_links":{"self":[{"href":"https:\/\/crownpointenergy.com\/index.php?rest_route=\/wp\/v2\/pages\/2193"}],"collection":[{"href":"https:\/\/crownpointenergy.com\/index.php?rest_route=\/wp\/v2\/pages"}],"about":[{"href":"https:\/\/crownpointenergy.com\/index.php?rest_route=\/wp\/v2\/types\/page"}],"author":[{"embeddable":true,"href":"https:\/\/crownpointenergy.com\/index.php?rest_route=\/wp\/v2\/users\/9"}],"replies":[{"embeddable":true,"href":"https:\/\/crownpointenergy.com\/index.php?rest_route=%2Fwp%2Fv2%2Fcomments&post=2193"}],"version-history":[{"count":23,"href":"https:\/\/crownpointenergy.com\/index.php?rest_route=\/wp\/v2\/pages\/2193\/revisions"}],"predecessor-version":[{"id":3394,"href":"https:\/\/crownpointenergy.com\/index.php?rest_route=\/wp\/v2\/pages\/2193\/revisions\/3394"}],"wp:attachment":[{"href":"https:\/\/crownpointenergy.com\/index.php?rest_route=%2Fwp%2Fv2%2Fmedia&parent=2193"}],"curies":[{"name":"wp","href":"https:\/\/api.w.org\/{rel}","templated":true}]}}