{"id":2187,"date":"2021-01-14T17:19:59","date_gmt":"2021-01-14T23:19:59","guid":{"rendered":"https:\/\/crownpointenergy.com\/?page_id=2187"},"modified":"2021-03-22T18:24:07","modified_gmt":"2021-03-22T23:24:07","slug":"tierra-del-fuego-2","status":"publish","type":"page","link":"https:\/\/crownpointenergy.com\/?page_id=2187&lang=es","title":{"rendered":"Tierra del Fuego"},"content":{"rendered":" [vc_row][vc_column width=&#8221;1\/1&#8243;]<div class=\"columnsWrap sc_columns sc_columns_count_2\"><div class=\"columns1_2 sc_column_item sc_column_item_1 odd first\"><figure class=\"sc_image  sc_image_shape_square\"><img decoding=\"async\" src=\"http:\/\/crownpointenergy.com\/wp-content\/uploads\/2021\/03\/TDF_Web_C_Yac_Con_SanMartin.jpg\" alt=\"\" \/><figcaption><span class=\"icon inherit\"><\/span><\/figcaption><\/figure><\/div><div class=\"columns1_2 sc_column_item sc_column_item_2 even\">[vc_column_text] Crown Point tiene una participaci\u00f3n no operada del 34.74% en las 3 concesiones de explotaci\u00f3n de R\u00edo Cullen, La Angostura y Las Violetas en la Cuenca Austral de Tierra del Fuego, lo que representa un total de 489,000 acres brutos (169,880 acres netos).\u00a0La estrategia de Crown Point es aumentar la producci\u00f3n de sus activos en Tierra del Fuego mediante perforaci\u00f3n de exploraci\u00f3n y desarrollo, respaldada por una amplia cobertura s\u00edsmica 3D. [\/vc_column_text]<\/div><\/div>[\/vc_column][\/vc_row] ","protected":false},"excerpt":{"rendered":" [vc_row][vc_column width=&#8221;1\/1&#8243;][\/vc_column][\/vc_row] ","protected":false},"author":9,"featured_media":0,"parent":0,"menu_order":0,"comment_status":"open","ping_status":"open","template":"","meta":{"_exactmetrics_skip_tracking":false,"_exactmetrics_sitenote_active":false,"_exactmetrics_sitenote_note":"","_exactmetrics_sitenote_category":0,"footnotes":""},"_links":{"self":[{"href":"https:\/\/crownpointenergy.com\/index.php?rest_route=\/wp\/v2\/pages\/2187"}],"collection":[{"href":"https:\/\/crownpointenergy.com\/index.php?rest_route=\/wp\/v2\/pages"}],"about":[{"href":"https:\/\/crownpointenergy.com\/index.php?rest_route=\/wp\/v2\/types\/page"}],"author":[{"embeddable":true,"href":"https:\/\/crownpointenergy.com\/index.php?rest_route=\/wp\/v2\/users\/9"}],"replies":[{"embeddable":true,"href":"https:\/\/crownpointenergy.com\/index.php?rest_route=%2Fwp%2Fv2%2Fcomments&post=2187"}],"version-history":[{"count":3,"href":"https:\/\/crownpointenergy.com\/index.php?rest_route=\/wp\/v2\/pages\/2187\/revisions"}],"predecessor-version":[{"id":2362,"href":"https:\/\/crownpointenergy.com\/index.php?rest_route=\/wp\/v2\/pages\/2187\/revisions\/2362"}],"wp:attachment":[{"href":"https:\/\/crownpointenergy.com\/index.php?rest_route=%2Fwp%2Fv2%2Fmedia&parent=2187"}],"curies":[{"name":"wp","href":"https:\/\/api.w.org\/{rel}","templated":true}]}}