{"id":2184,"date":"2021-01-14T17:16:34","date_gmt":"2021-01-14T23:16:34","guid":{"rendered":"https:\/\/crownpointenergy.com\/?page_id=2184"},"modified":"2021-03-22T18:21:03","modified_gmt":"2021-03-22T23:21:03","slug":"cerro-de-los-leones-2","status":"publish","type":"page","link":"https:\/\/crownpointenergy.com\/?page_id=2184&lang=es","title":{"rendered":"Cerro de Los Leones"},"content":{"rendered":" [vc_row][vc_column width=&#8221;1\/1&#8243;]<div class=\"columnsWrap sc_columns sc_columns_count_2\"><div class=\"columns1_2 sc_column_item sc_column_item_1 odd first\"><figure class=\"sc_image  sc_image_shape_square\" style=\"width:100%;\"><img decoding=\"async\" src=\"http:\/\/crownpointenergy.com\/wp-content\/uploads\/2021\/03\/CLL_Web.jpg\" alt=\"\" \/><figcaption><span class=\"icon inherit\"><\/span><\/figcaption><\/figure><\/div><div class=\"columns1_2 sc_column_item sc_column_item_2 even\">[vc_column_text] Crown Point tiene una participaci\u00f3n en explotaci\u00f3n del 100% en la Concesi\u00f3n de Exploraci\u00f3n Cerro de Los Leones de 101.208 acres ubicada en la Cuenca Neuquina, una de las cuencas m\u00e1s prol\u00edficas de Argentina con producci\u00f3n probada de m\u00faltiples yacimientos de petr\u00f3leo y gas. [\/vc_column_text]<\/div><\/div>[\/vc_column][\/vc_row] ","protected":false},"excerpt":{"rendered":" [vc_row][vc_column width=&#8221;1\/1&#8243;][\/vc_column][\/vc_row] ","protected":false},"author":9,"featured_media":0,"parent":0,"menu_order":0,"comment_status":"open","ping_status":"open","template":"","meta":{"_exactmetrics_skip_tracking":false,"_exactmetrics_sitenote_active":false,"_exactmetrics_sitenote_note":"","_exactmetrics_sitenote_category":0,"footnotes":""},"_links":{"self":[{"href":"https:\/\/crownpointenergy.com\/index.php?rest_route=\/wp\/v2\/pages\/2184"}],"collection":[{"href":"https:\/\/crownpointenergy.com\/index.php?rest_route=\/wp\/v2\/pages"}],"about":[{"href":"https:\/\/crownpointenergy.com\/index.php?rest_route=\/wp\/v2\/types\/page"}],"author":[{"embeddable":true,"href":"https:\/\/crownpointenergy.com\/index.php?rest_route=\/wp\/v2\/users\/9"}],"replies":[{"embeddable":true,"href":"https:\/\/crownpointenergy.com\/index.php?rest_route=%2Fwp%2Fv2%2Fcomments&post=2184"}],"version-history":[{"count":3,"href":"https:\/\/crownpointenergy.com\/index.php?rest_route=\/wp\/v2\/pages\/2184\/revisions"}],"predecessor-version":[{"id":2359,"href":"https:\/\/crownpointenergy.com\/index.php?rest_route=\/wp\/v2\/pages\/2184\/revisions\/2359"}],"wp:attachment":[{"href":"https:\/\/crownpointenergy.com\/index.php?rest_route=%2Fwp%2Fv2%2Fmedia&parent=2184"}],"curies":[{"name":"wp","href":"https:\/\/api.w.org\/{rel}","templated":true}]}}