{"id":2179,"date":"2021-01-14T17:07:52","date_gmt":"2021-01-14T23:07:52","guid":{"rendered":"https:\/\/crownpointenergy.com\/?page_id=2179"},"modified":"2021-02-11T16:52:42","modified_gmt":"2021-02-11T22:52:42","slug":"cobertura-de-analistas","status":"publish","type":"page","link":"https:\/\/crownpointenergy.com\/?page_id=2179&lang=es","title":{"rendered":"Cobertura de Analistas"},"content":{"rendered":" [vc_row][vc_column width=&#8221;1\/1&#8243;][vc_column_text] <h4>Mackie Research \u2013 Bill Newman<\/h4>\n<p>Se debe tener en cuenta que las opiniones, estimaciones o pron\u00f3sticos sobre el desempe\u00f1o de Crown Point hechos por los analistas son solo de ellos y no representan opiniones, pron\u00f3sticos o predicciones de Crown Point o su administraci\u00f3n.\u00a0La referencia a la informaci\u00f3n proporcionada anteriormente no implica que Crown Point apruebe o est\u00e9 de acuerdo con dicha informaci\u00f3n, conclusiones o recomendaciones, ni Crown Point distribuye dichos informes de analistas. [\/vc_column_text][\/vc_column][\/vc_row] ","protected":false},"excerpt":{"rendered":" [vc_row][vc_column width=&#8221;1\/1&#8243;][vc_column_text] Mackie Research \u2013 Bill Newman Se debe tener en cuenta que las opiniones, estimaciones o pron\u00f3sticos sobre el desempe\u00f1o de Crown Point hechos por los analistas son solo de ellos y no representan opiniones, pron\u00f3sticos o predicciones de Crown Point o su administraci\u00f3n.\u00a0La referencia a la informaci\u00f3n proporcionada anteriormente no implica que Crown [&hellip;] ","protected":false},"author":9,"featured_media":0,"parent":0,"menu_order":0,"comment_status":"open","ping_status":"open","template":"","meta":{"_exactmetrics_skip_tracking":false,"_exactmetrics_sitenote_active":false,"_exactmetrics_sitenote_note":"","_exactmetrics_sitenote_category":0,"footnotes":""},"_links":{"self":[{"href":"https:\/\/crownpointenergy.com\/index.php?rest_route=\/wp\/v2\/pages\/2179"}],"collection":[{"href":"https:\/\/crownpointenergy.com\/index.php?rest_route=\/wp\/v2\/pages"}],"about":[{"href":"https:\/\/crownpointenergy.com\/index.php?rest_route=\/wp\/v2\/types\/page"}],"author":[{"embeddable":true,"href":"https:\/\/crownpointenergy.com\/index.php?rest_route=\/wp\/v2\/users\/9"}],"replies":[{"embeddable":true,"href":"https:\/\/crownpointenergy.com\/index.php?rest_route=%2Fwp%2Fv2%2Fcomments&post=2179"}],"version-history":[{"count":2,"href":"https:\/\/crownpointenergy.com\/index.php?rest_route=\/wp\/v2\/pages\/2179\/revisions"}],"predecessor-version":[{"id":2215,"href":"https:\/\/crownpointenergy.com\/index.php?rest_route=\/wp\/v2\/pages\/2179\/revisions\/2215"}],"wp:attachment":[{"href":"https:\/\/crownpointenergy.com\/index.php?rest_route=%2Fwp%2Fv2%2Fmedia&parent=2179"}],"curies":[{"name":"wp","href":"https:\/\/api.w.org\/{rel}","templated":true}]}}