{"id":2168,"date":"2021-01-14T15:38:02","date_gmt":"2021-01-14T21:38:02","guid":{"rendered":"https:\/\/crownpointenergy.com\/?page_id=2168"},"modified":"2021-02-11T16:49:01","modified_gmt":"2021-02-11T22:49:01","slug":"resumen-del-inversor","status":"publish","type":"page","link":"https:\/\/crownpointenergy.com\/?page_id=2168&lang=es","title":{"rendered":"Resumen del Inversor"},"content":{"rendered":" [vc_row][vc_column][vc_column_text] Crown Point Energ\u00eda S.A. es una empresa dedicada al petr\u00f3leo y gas con cobertura internacional que opera en el mercado argentino. Su empresa Holding Crown Point Energy Inc.\u00a0cotiza en el Toronto Stock Exchange Venture (TSXV) bajo el s\u00edmbolo \u201cCWV\u201d.\u00a0La Compa\u00f1\u00eda est\u00e1 constituida en Canad\u00e1 y tiene su sede central en Buenos Aires, Argentina.<\/p>\n<p>Las actividades de exploraci\u00f3n y desarrollo de Crown Point se concentran en dos de las cuencas productoras m\u00e1s grandes de Argentina, la cuenca Austral en la provincia de Tierra del Fuego y la cuenca Neuquina en la provincia de Mendoza y Neuqu\u00e9n.<\/p>\n<p>La estrategia de Crown Point se centra en establecer una cartera de activos en producci\u00f3n, adem\u00e1s de oportunidades de exploraci\u00f3n y mejora de la producci\u00f3n actual en sus yacimientos, para proporcionar una base s\u00f3lida de crecimiento futuro. [\/vc_column_text][\/vc_column][vc_column][\/vc_column][\/vc_row][vc_row][vc_column][vc_column_text] [\/vc_column_text][\/vc_column][\/vc_row] ","protected":false},"excerpt":{"rendered":" [vc_row][vc_column][vc_column_text] Crown Point Energ\u00eda S.A. es una empresa dedicada al petr\u00f3leo y gas con cobertura internacional que opera en el mercado argentino. Su empresa Holding Crown Point Energy Inc.\u00a0cotiza en el Toronto Stock Exchange Venture (TSXV) bajo el s\u00edmbolo \u201cCWV\u201d.\u00a0La Compa\u00f1\u00eda est\u00e1 constituida en Canad\u00e1 y tiene su sede central en Buenos Aires, Argentina. Las [&hellip;] ","protected":false},"author":9,"featured_media":0,"parent":0,"menu_order":0,"comment_status":"closed","ping_status":"closed","template":"","meta":{"_exactmetrics_skip_tracking":false,"_exactmetrics_sitenote_active":false,"_exactmetrics_sitenote_note":"","_exactmetrics_sitenote_category":0,"footnotes":""},"_links":{"self":[{"href":"https:\/\/crownpointenergy.com\/index.php?rest_route=\/wp\/v2\/pages\/2168"}],"collection":[{"href":"https:\/\/crownpointenergy.com\/index.php?rest_route=\/wp\/v2\/pages"}],"about":[{"href":"https:\/\/crownpointenergy.com\/index.php?rest_route=\/wp\/v2\/types\/page"}],"author":[{"embeddable":true,"href":"https:\/\/crownpointenergy.com\/index.php?rest_route=\/wp\/v2\/users\/9"}],"replies":[{"embeddable":true,"href":"https:\/\/crownpointenergy.com\/index.php?rest_route=%2Fwp%2Fv2%2Fcomments&post=2168"}],"version-history":[{"count":3,"href":"https:\/\/crownpointenergy.com\/index.php?rest_route=\/wp\/v2\/pages\/2168\/revisions"}],"predecessor-version":[{"id":2220,"href":"https:\/\/crownpointenergy.com\/index.php?rest_route=\/wp\/v2\/pages\/2168\/revisions\/2220"}],"wp:attachment":[{"href":"https:\/\/crownpointenergy.com\/index.php?rest_route=%2Fwp%2Fv2%2Fmedia&parent=2168"}],"curies":[{"name":"wp","href":"https:\/\/api.w.org\/{rel}","templated":true}]}}