{"id":2163,"date":"2021-01-14T15:24:28","date_gmt":"2021-01-14T21:24:28","guid":{"rendered":"https:\/\/crownpointenergy.com\/?page_id=2163"},"modified":"2022-07-11T14:59:38","modified_gmt":"2022-07-11T19:59:38","slug":"inicio","status":"publish","type":"page","link":"https:\/\/crownpointenergy.com\/?page_id=2163&lang=es","title":{"rendered":"Home"},"content":{"rendered":" [vc_row][vc_column][vc_row_inner][vc_column_inner][\/vc_column_inner][\/vc_row_inner]<div class=\"columnsWrap sc_columns sc_columns_count_1\"><\/div>[vc_column_text] <h3>Crown Point Energ\u00eda S.A.<\/h3>\n<p>Crown Point Energ\u00eda S.A. es una empresa que opera en el mercado argentino con casa matriz internacional, dedicada al petr\u00f3leo y gas con sede en Calgary, con flujo de caja de su propia producci\u00f3n y una cartera de oportunidades en tres de las cuencas productoras m\u00e1s grandes de Argentina: la cuenca Austral en la provincia de Tierra del Fuego, Cuenca Neuquina y Cuenca Cuyana en la provincia de Mendoza. [\/vc_column_text][\/vc_column][\/vc_row] ","protected":false},"excerpt":{"rendered":" [vc_row][vc_column][vc_row_inner][vc_column_inner][\/vc_column_inner][\/vc_row_inner][vc_column_text] Crown Point Energ\u00eda S.A. Crown Point Energ\u00eda S.A. es una empresa que opera en el mercado argentino con casa matriz internacional, dedicada al petr\u00f3leo y gas con sede en Calgary, con flujo de caja de su propia producci\u00f3n y una cartera de oportunidades en tres de las cuencas productoras m\u00e1s grandes de Argentina: la [&hellip;] ","protected":false},"author":9,"featured_media":0,"parent":0,"menu_order":0,"comment_status":"closed","ping_status":"closed","template":"","meta":{"_exactmetrics_skip_tracking":false,"_exactmetrics_sitenote_active":false,"_exactmetrics_sitenote_note":"","_exactmetrics_sitenote_category":0,"footnotes":""},"_links":{"self":[{"href":"https:\/\/crownpointenergy.com\/index.php?rest_route=\/wp\/v2\/pages\/2163"}],"collection":[{"href":"https:\/\/crownpointenergy.com\/index.php?rest_route=\/wp\/v2\/pages"}],"about":[{"href":"https:\/\/crownpointenergy.com\/index.php?rest_route=\/wp\/v2\/types\/page"}],"author":[{"embeddable":true,"href":"https:\/\/crownpointenergy.com\/index.php?rest_route=\/wp\/v2\/users\/9"}],"replies":[{"embeddable":true,"href":"https:\/\/crownpointenergy.com\/index.php?rest_route=%2Fwp%2Fv2%2Fcomments&post=2163"}],"version-history":[{"count":5,"href":"https:\/\/crownpointenergy.com\/index.php?rest_route=\/wp\/v2\/pages\/2163\/revisions"}],"predecessor-version":[{"id":2736,"href":"https:\/\/crownpointenergy.com\/index.php?rest_route=\/wp\/v2\/pages\/2163\/revisions\/2736"}],"wp:attachment":[{"href":"https:\/\/crownpointenergy.com\/index.php?rest_route=%2Fwp%2Fv2%2Fmedia&parent=2163"}],"curies":[{"name":"wp","href":"https:\/\/api.w.org\/{rel}","templated":true}]}}